{"id":778,"date":"2025-04-23T18:14:09","date_gmt":"2025-04-23T18:14:09","guid":{"rendered":"https:\/\/premiere.proximamente.mx\/?page_id=778"},"modified":"2025-04-23T19:58:58","modified_gmt":"2025-04-23T19:58:58","slug":"somos","status":"publish","type":"page","link":"https:\/\/premiere.proximamente.mx\/?page_id=778","title":{"rendered":"Somos"},"content":{"rendered":"<div class=\"wpb-content-wrapper\"><p>[vc_row row_height_percent=\u00bb75&#8243; override_padding=\u00bbyes\u00bb h_padding=\u00bb0&#8243; top_padding=\u00bb0&#8243; bottom_padding=\u00bb0&#8243; back_color=\u00bbcolor-jevc\u00bb back_image=\u00bb779&#8243; multiple_media=\u00bbyes\u00bb medias=\u00bb780,781&#8243; back_repeat=\u00bbno-repeat\u00bb back_position=\u00bbcenter top\u00bb parallax=\u00bbyes\u00bb kburns=\u00bbyes\u00bb bg_transition_time=\u00bb5000&#8243; bg_carousel_time=\u00bb10000&#8243; bg_transition_threshold=\u00bb0&#8243; overlay_alpha=\u00bb100&#8243; gutter_size=\u00bb0&#8243; column_width_percent=\u00bb100&#8243; preserve_border=\u00bbyes\u00bb preserve_border_tablet=\u00bbyes\u00bb preserve_border_mobile=\u00bbyes\u00bb border_color=\u00bbcolor-jevc\u00bb border_style=\u00bbsolid\u00bb shift_y=\u00bb0&#8243; z_index=\u00bb0&#8243; content_parallax=\u00bb0&#8243; uncode_shortcode_id=\u00bb578253&#8243; back_color_type=\u00bbuncode-palette\u00bb back_size=\u00bbcover\u00bb css=\u00bb.vc_custom_1745433568302{border-right-width: 30px !important;border-left-width: 30px !important;}\u00bb border_color_type=\u00bbuncode-palette\u00bb overlay_color_type=\u00bbuncode-gradient\u00bb overlay_color_gradient=\u00bb{\u00abcss\u00ab:\u00abbackground: radial-gradient(circle at center bottom , rgba(0, 0, 0, 0.9) 8% , rgba(0, 0, 0, 0) 71%);\u00ab,\u00absliders\u00ab:`{`{\u00abcolor\u00ab:\u00abrgba(0, 0, 0, 0.9)\u00ab,\u00abposition\u00ab:8},{\u00abcolor\u00ab:\u00abrgba(0, 0, 0, 0)\u00ab,\u00abposition\u00ab:71}`}`,\u00abtype\u00ab:\u00abcircle\u00ab,\u00abdirection\u00ab:\u00abcenter bottom\u00ab}\u00bb][vc_column column_width_percent=\u00bb70&#8243; position_vertical=\u00bbbottom\u00bb align_horizontal=\u00bbalign_center\u00bb gutter_size=\u00bb2&#8243; override_padding=\u00bbyes\u00bb column_padding=\u00bb2&#8243; style=\u00bbdark\u00bb overlay_alpha=\u00bb0&#8243; shift_x=\u00bb0&#8243; shift_y=\u00bb0&#8243; shift_y_down=\u00bb0&#8243; z_index=\u00bb0&#8243; medium_width=\u00bb0&#8243; align_mobile=\u00bbalign_center_mobile\u00bb mobile_width=\u00bb0&#8243; css_animation=\u00bbalpha-anim\u00bb animation_delay=\u00bb400&#8243; width=\u00bb1\/1&#8243; uncode_shortcode_id=\u00bb209545&#8243; mobile_height=\u00bb720&#8243;][vc_custom_heading heading_semantic=\u00bbh3&#8243; text_size=\u00bb\u00bb separator_color=\u00bbyes\u00bb separator=\u00bbyes\u00bb sub_reduced=\u00bbyes\u00bb uncode_shortcode_id=\u00bb254272&#8243; subheading=\u00bbPremiere Tour nace de la necesidad de un empresa tur\u00edstica de primer nivel en el estado de Baja California, M\u00e9xico. Es una idea diferente para visitantes exigentes ofreciendo una experiencia \u00fanica que estimule tus sentidos y engrandece tu estilo de vida.\u00bb]Historia<\/p>\n<p>[\/vc_custom_heading][vc_icon icon=\u00bbfa fa-arrow-down2&#8243; icon_color=\u00bbcolor-958904&#8243; heading_semantic=\u00bbp\u00bb text_size=\u00bb\u00bb uncode_shortcode_id=\u00bb117608&#8243; icon_color_type=\u00bbuncode-palette\u00bb][\/vc_icon][\/vc_column][\/vc_row][vc_row unlock_row_content=\u00bbyes\u00bb row_height_percent=\u00bb50&#8243; override_padding=\u00bbyes\u00bb h_padding=\u00bb4&#8243; top_padding=\u00bb2&#8243; bottom_padding=\u00bb0&#8243; back_color=\u00bbcolor-jevc\u00bb back_image=\u00bb784&#8243; back_repeat=\u00bbno-repeat\u00bb back_position=\u00bbleft center\u00bb overlay_alpha=\u00bb100&#8243; equal_height=\u00bbyes\u00bb gutter_size=\u00bb0&#8243; column_width_percent=\u00bb100&#8243; shift_y=\u00bb0&#8243; z_index=\u00bb0&#8243; content_parallax=\u00bb0&#8243; uncode_shortcode_id=\u00bb460043&#8243; back_color_type=\u00bbuncode-palette\u00bb overlay_color_type=\u00bbuncode-gradient\u00bb back_size=\u00bbcover\u00bb overlay_color_gradient=\u00bb{\u00abcss\u00ab:\u00abbackground: radial-gradient(ellipse at left center , rgba(0, 0, 0, 0.7) 29% , rgb(0, 0, 0) 76%);\u00ab,\u00absliders\u00ab:`{`{\u00abcolor\u00ab:\u00abrgba(0, 0, 0, 0.7)\u00ab,\u00abposition\u00ab:29},{\u00abcolor\u00ab:\u00abrgb(0, 0, 0)\u00ab,\u00abposition\u00ab:76}`}`,\u00abtype\u00ab:\u00abellipse\u00ab,\u00abdirection\u00ab:\u00ableft center\u00ab}\u00bb][vc_column column_width_percent=\u00bb100&#8243; gutter_size=\u00bb0&#8243; override_padding=\u00bbyes\u00bb column_padding=\u00bb0&#8243; style=\u00bbdark\u00bb overlay_alpha=\u00bb50&#8243; border_color=\u00bbcolor-xsdn\u00bb border_style=\u00bbsolid\u00bb shift_x=\u00bb0&#8243; shift_y=\u00bb0&#8243; shift_y_down=\u00bb0&#8243; z_index=\u00bb0&#8243; medium_width=\u00bb0&#8243; mobile_width=\u00bb0&#8243; width=\u00bb1\/2&#8243; uncode_shortcode_id=\u00bb146418&#8243; css=\u00bb.vc_custom_1745434403655{border-right-width: 1px !important;}\u00bb border_color_type=\u00bbuncode-palette\u00bb][\/vc_column][vc_column column_width_percent=\u00bb100&#8243; align_horizontal=\u00bbalign_center\u00bb gutter_size=\u00bb0&#8243; override_padding=\u00bbyes\u00bb column_padding=\u00bb3&#8243; style=\u00bbdark\u00bb overlay_alpha=\u00bb50&#8243; shift_x=\u00bb0&#8243; shift_y=\u00bb0&#8243; shift_y_down=\u00bb0&#8243; z_index=\u00bb0&#8243; medium_width=\u00bb0&#8243; align_mobile=\u00bbalign_center_mobile\u00bb mobile_width=\u00bb0&#8243; css_animation=\u00bbalpha-anim\u00bb parallax_intensity=\u00bb3&#8243; width=\u00bb1\/4&#8243; uncode_shortcode_id=\u00bb101239&#8243;][vc_single_image media=\u00bb783&#8243; media_width_percent=\u00bb100&#8243; alignment=\u00bbcenter\u00bb shape=\u00bbimg-round\u00bb radius=\u00bbxl\u00bb uncode_shortcode_id=\u00bb694965&#8243;][\/vc_column][vc_column column_width_percent=\u00bb100&#8243; position_vertical=\u00bbmiddle\u00bb gutter_size=\u00bb3&#8243; override_padding=\u00bbyes\u00bb column_padding=\u00bb0&#8243; style=\u00bbdark\u00bb overlay_alpha=\u00bb50&#8243; shift_x=\u00bb0&#8243; shift_y=\u00bb0&#8243; shift_y_down=\u00bb0&#8243; z_index=\u00bb0&#8243; medium_width=\u00bb0&#8243; align_mobile=\u00bbalign_center_mobile\u00bb mobile_width=\u00bb0&#8243; css_animation=\u00bbleft-t-right\u00bb animation_delay=\u00bb400&#8243; width=\u00bb1\/4&#8243; uncode_shortcode_id=\u00bb550755&#8243;][vc_custom_heading heading_semantic=\u00bbh3&#8243; text_size=\u00bb\u00bb separator_color=\u00bbyes\u00bb separator=\u00bbyes\u00bb sub_reduced=\u00bbyes\u00bb uncode_shortcode_id=\u00bb609464&#8243; subheading=\u00bbSomos una operadora tur\u00edstica originaria de la ciudad de Tijuana, B.C. enfocada en brindar experiencias tur\u00edsticas de primer nivel en el estado de Baja California y sus alrededores, nos caracterizamos por el placer, bienestar y satisfacci\u00f3n que brindamos a nuestros invitados en cada una de nuestras experiencias realmente todo incluido y a bordo de autobuses que brindan confort y una sensaci\u00f3n High Style.\u00bb]Qui\u00e9nes Somos[\/vc_custom_heading][vc_icon icon=\u00bbfa fa-arrow-down2&#8243; icon_color=\u00bbcolor-958904&#8243; heading_semantic=\u00bbp\u00bb text_size=\u00bb\u00bb uncode_shortcode_id=\u00bb117608&#8243; icon_color_type=\u00bbuncode-palette\u00bb][\/vc_icon][\/vc_column][\/vc_row][vc_row unlock_row_content=\u00bbyes\u00bb row_height_percent=\u00bb0&#8243; override_padding=\u00bbyes\u00bb h_padding=\u00bb4&#8243; top_padding=\u00bb2&#8243; bottom_padding=\u00bb0&#8243; back_color=\u00bbcolor-jevc\u00bb overlay_alpha=\u00bb0&#8243; equal_height=\u00bbyes\u00bb gutter_size=\u00bb0&#8243; column_width_percent=\u00bb100&#8243; shift_y=\u00bb0&#8243; z_index=\u00bb0&#8243; content_parallax=\u00bb0&#8243; uncode_shortcode_id=\u00bb208834&#8243; back_color_type=\u00bbuncode-palette\u00bb][vc_column column_width_percent=\u00bb100&#8243; align_horizontal=\u00bbalign_right\u00bb gutter_size=\u00bb3&#8243; override_padding=\u00bbyes\u00bb column_padding=\u00bb0&#8243; style=\u00bbdark\u00bb overlay_alpha=\u00bb50&#8243; shift_x=\u00bb0&#8243; shift_y=\u00bb0&#8243; shift_y_down=\u00bb0&#8243; z_index=\u00bb0&#8243; medium_width=\u00bb0&#8243; align_mobile=\u00bbalign_center_mobile\u00bb mobile_width=\u00bb0&#8243; css_animation=\u00bbright-t-left\u00bb animation_delay=\u00bb400&#8243; parallax_intensity=\u00bb4&#8243; width=\u00bb1\/4&#8243; uncode_shortcode_id=\u00bb198121&#8243;][vc_single_image media=\u00bb782&#8243; media_width_percent=\u00bb100&#8243; alignment=\u00bbcenter\u00bb shape=\u00bbimg-round\u00bb radius=\u00bbxl\u00bb uncode_shortcode_id=\u00bb102016&#8243;][vc_custom_heading heading_semantic=\u00bbh3&#8243; text_size=\u00bb\u00bb separator_color=\u00bbyes\u00bb separator=\u00bbyes\u00bb sub_reduced=\u00bbyes\u00bb uncode_shortcode_id=\u00bb710767&#8243; subheading=\u00bbEmpresa dedicada a realizar y crear experiencias tur\u00edsticas que supere las mejores expectativas de nuestros invitados. A trav\u00e9s de la excelencia y una relaci\u00f3n confiable con nuestros aliados estrat\u00e9gicos, as\u00ed como de una integraci\u00f3n adecuada de tecnolog\u00eda y canales de comunicaci\u00f3n eficientes dentro de quienes la integran.\u00bb]Misi\u00f3n<\/p>\n<p>[\/vc_custom_heading][\/vc_column][vc_column column_width_percent=\u00bb100&#8243; position_vertical=\u00bbmiddle\u00bb align_horizontal=\u00bbalign_right\u00bb gutter_size=\u00bb3&#8243; override_padding=\u00bbyes\u00bb column_padding=\u00bb3&#8243; style=\u00bbdark\u00bb overlay_alpha=\u00bb50&#8243; shift_x=\u00bb0&#8243; shift_y=\u00bb0&#8243; shift_y_down=\u00bb0&#8243; z_index=\u00bb0&#8243; medium_width=\u00bb0&#8243; align_mobile=\u00bbalign_center_mobile\u00bb mobile_width=\u00bb0&#8243; css_animation=\u00bbright-t-left\u00bb parallax_intensity=\u00bb2&#8243; width=\u00bb1\/4&#8243; uncode_shortcode_id=\u00bb150710&#8243;][vc_single_image media=\u00bb787&#8243; media_width_percent=\u00bb100&#8243; alignment=\u00bbcenter\u00bb shape=\u00bbimg-round\u00bb radius=\u00bbxl\u00bb uncode_shortcode_id=\u00bb552638&#8243;][vc_custom_heading heading_semantic=\u00bbh3&#8243; text_size=\u00bb\u00bb separator_color=\u00bbyes\u00bb separator=\u00bbyes\u00bb sub_reduced=\u00bbyes\u00bb uncode_shortcode_id=\u00bb713451&#8243; subheading=\u00bbSer una empresa l\u00edder en el ramo tur\u00edstico y ser distinguidos por un buen prestigio principalmente entre nuestros invitados y entidades tur\u00edsticas en el noroeste de M\u00e9xico.\u00bb]Visi\u00f3n[\/vc_custom_heading][vc_icon icon=\u00bbfa fa-arrow-down2&#8243; icon_color=\u00bbcolor-958904&#8243; heading_semantic=\u00bbp\u00bb text_size=\u00bb\u00bb uncode_shortcode_id=\u00bb117608&#8243; icon_color_type=\u00bbuncode-palette\u00bb][\/vc_icon][\/vc_column][vc_column column_width_percent=\u00bb100&#8243; gutter_size=\u00bb0&#8243; override_padding=\u00bbyes\u00bb column_padding=\u00bb0&#8243; style=\u00bbdark\u00bb overlay_alpha=\u00bb50&#8243; border_color=\u00bbcolor-xsdn\u00bb border_style=\u00bbsolid\u00bb shift_x=\u00bb0&#8243; shift_y=\u00bb0&#8243; shift_y_down=\u00bb0&#8243; z_index=\u00bb0&#8243; medium_width=\u00bb0&#8243; mobile_width=\u00bb0&#8243; width=\u00bb1\/2&#8243; uncode_shortcode_id=\u00bb962728&#8243; css=\u00bb.vc_custom_1745434498063{border-left-width: 1px !important;}\u00bb border_color_type=\u00bbuncode-palette\u00bb][\/vc_column][\/vc_row][vc_row unlock_row_content=\u00bbyes\u00bb row_height_percent=\u00bb50&#8243; override_padding=\u00bbyes\u00bb h_padding=\u00bb2&#8243; top_padding=\u00bb2&#8243; bottom_padding=\u00bb0&#8243; back_color=\u00bbcolor-jevc\u00bb back_image=\u00bb788&#8243; back_repeat=\u00bbno-repeat\u00bb back_position=\u00bbleft center\u00bb overlay_alpha=\u00bb100&#8243; equal_height=\u00bbyes\u00bb gutter_size=\u00bb0&#8243; column_width_percent=\u00bb100&#8243; shift_y=\u00bb0&#8243; z_index=\u00bb0&#8243; content_parallax=\u00bb0&#8243; uncode_shortcode_id=\u00bb690714&#8243; back_color_type=\u00bbuncode-palette\u00bb overlay_color_type=\u00bbuncode-gradient\u00bb back_size=\u00bbcover\u00bb overlay_color_gradient=\u00bb{\u00abcss\u00ab:\u00abbackground: radial-gradient(ellipse at left center , rgba(0, 0, 0, 0.7) 29% , rgb(0, 0, 0) 76%);\u00ab,\u00absliders\u00ab:`{`{\u00abcolor\u00ab:\u00abrgba(0, 0, 0, 0.7)\u00ab,\u00abposition\u00ab:29},{\u00abcolor\u00ab:\u00abrgb(0, 0, 0)\u00ab,\u00abposition\u00ab:76}`}`,\u00abtype\u00ab:\u00abellipse\u00ab,\u00abdirection\u00ab:\u00ableft center\u00ab}\u00bb][vc_column column_width_percent=\u00bb100&#8243; gutter_size=\u00bb0&#8243; override_padding=\u00bbyes\u00bb column_padding=\u00bb0&#8243; style=\u00bbdark\u00bb overlay_alpha=\u00bb50&#8243; border_color=\u00bbcolor-xsdn\u00bb border_style=\u00bbsolid\u00bb shift_x=\u00bb0&#8243; shift_y=\u00bb0&#8243; shift_y_down=\u00bb0&#8243; z_index=\u00bb0&#8243; medium_width=\u00bb0&#8243; mobile_width=\u00bb0&#8243; width=\u00bb1\/2&#8243; uncode_shortcode_id=\u00bb146418&#8243; css=\u00bb.vc_custom_1745434403655{border-right-width: 1px !important;}\u00bb border_color_type=\u00bbuncode-palette\u00bb][\/vc_column][vc_column column_width_percent=\u00bb100&#8243; gutter_size=\u00bb2&#8243; override_padding=\u00bbyes\u00bb column_padding=\u00bb2&#8243; style=\u00bbdark\u00bb overlay_alpha=\u00bb50&#8243; shift_x=\u00bb0&#8243; shift_y=\u00bb0&#8243; shift_y_down=\u00bb0&#8243; z_index=\u00bb0&#8243; medium_width=\u00bb0&#8243; align_mobile=\u00bbalign_center_mobile\u00bb mobile_width=\u00bb0&#8243; css_animation=\u00bbalpha-anim\u00bb parallax_intensity=\u00bb3&#8243; width=\u00bb1\/2&#8243; uncode_shortcode_id=\u00bb153294&#8243;][vc_single_image media=\u00bb785&#8243; media_width_percent=\u00bb60&#8243; shape=\u00bbimg-round\u00bb radius=\u00bbxl\u00bb css_animation=\u00bbalpha-anim\u00bb uncode_shortcode_id=\u00bb896069&#8243;][vc_row_inner row_inner_height_percent=\u00bb0&#8243; overlay_alpha=\u00bb50&#8243; gutter_size=\u00bb3&#8243; shift_y=\u00bb0&#8243; z_index=\u00bb0&#8243; uncode_shortcode_id=\u00bb831529&#8243;][vc_column_inner column_width_percent=\u00bb50&#8243; position_horizontal=\u00bbright\u00bb position_vertical=\u00bbbottom\u00bb gutter_size=\u00bb0&#8243; override_padding=\u00bbyes\u00bb column_padding=\u00bb0&#8243; style=\u00bbdark\u00bb overlay_alpha=\u00bb50&#8243; shift_x=\u00bb0&#8243; shift_y=\u00bb-5&#8243; shift_y_fixed=\u00bbyes\u00bb shift_y_down=\u00bb0&#8243; z_index=\u00bb3&#8243; medium_width=\u00bb0&#8243; mobile_width=\u00bb0&#8243; css_animation=\u00bbleft-t-right\u00bb animation_delay=\u00bb400&#8243; width=\u00bb1\/2&#8243; uncode_shortcode_id=\u00bb627641&#8243;][vc_single_image media=\u00bb786&#8243; media_width_percent=\u00bb100&#8243; alignment=\u00bbcenter\u00bb uncode_shortcode_id=\u00bb100079&#8243;][\/vc_column_inner][vc_column_inner column_width_percent=\u00bb100&#8243; position_vertical=\u00bbmiddle\u00bb gutter_size=\u00bb0&#8243; override_padding=\u00bbyes\u00bb column_padding=\u00bb0&#8243; style=\u00bbdark\u00bb overlay_alpha=\u00bb50&#8243; shift_x=\u00bb0&#8243; shift_y=\u00bb0&#8243; shift_y_down=\u00bb0&#8243; z_index=\u00bb0&#8243; medium_width=\u00bb0&#8243; align_mobile=\u00bbalign_center_mobile\u00bb mobile_width=\u00bb0&#8243; width=\u00bb1\/2&#8243; uncode_shortcode_id=\u00bb543742&#8243;][vc_custom_heading heading_semantic=\u00bbh3&#8243; text_size=\u00bb\u00bb uncode_shortcode_id=\u00bb192535&#8243;]Valores<\/p>\n<p>[\/vc_custom_heading][\/vc_column_inner][\/vc_row_inner][vc_row_inner row_inner_height_percent=\u00bb0&#8243; overlay_alpha=\u00bb50&#8243; equal_height=\u00bbyes\u00bb gutter_size=\u00bb2&#8243; shift_y=\u00bb0&#8243; z_index=\u00bb0&#8243; uncode_shortcode_id=\u00bb940523&#8243;][vc_column_inner column_width_percent=\u00bb100&#8243; position_vertical=\u00bbmiddle\u00bb gutter_size=\u00bb0&#8243; override_padding=\u00bbyes\u00bb column_padding=\u00bb2&#8243; style=\u00bbdark\u00bb overlay_alpha=\u00bb50&#8243; radius=\u00bblg\u00bb preserve_border=\u00bbyes\u00bb preserve_border_tablet=\u00bbyes\u00bb preserve_border_mobile=\u00bbyes\u00bb border_color=\u00bbcolor-958904&#8243; border_style=\u00bbsolid\u00bb shift_x=\u00bb0&#8243; shift_y=\u00bb0&#8243; shift_y_down=\u00bb0&#8243; z_index=\u00bb0&#8243; medium_width=\u00bb0&#8243; align_mobile=\u00bbalign_center_mobile\u00bb mobile_width=\u00bb0&#8243; css_animation=\u00bbbottom-t-top\u00bb width=\u00bb1\/3&#8243; uncode_shortcode_id=\u00bb157970&#8243; css=\u00bb.vc_custom_1745437874744{border-top-width: 1px !important;border-right-width: 1px !important;border-bottom-width: 1px !important;border-left-width: 1px !important;}\u00bb border_color_type=\u00bbuncode-palette\u00bb][vc_column_text uncode_shortcode_id=\u00bb179811&#8243;]Trabajo en Equipo.[\/vc_column_text][\/vc_column_inner][vc_column_inner column_width_percent=\u00bb100&#8243; position_vertical=\u00bbmiddle\u00bb gutter_size=\u00bb0&#8243; override_padding=\u00bbyes\u00bb column_padding=\u00bb2&#8243; style=\u00bbdark\u00bb overlay_alpha=\u00bb50&#8243; radius=\u00bblg\u00bb preserve_border=\u00bbyes\u00bb preserve_border_tablet=\u00bbyes\u00bb preserve_border_mobile=\u00bbyes\u00bb border_color=\u00bbcolor-958904&#8243; border_style=\u00bbsolid\u00bb shift_x=\u00bb0&#8243; shift_y=\u00bb0&#8243; shift_y_down=\u00bb0&#8243; z_index=\u00bb0&#8243; medium_width=\u00bb0&#8243; align_mobile=\u00bbalign_center_mobile\u00bb mobile_width=\u00bb0&#8243; css_animation=\u00bbbottom-t-top\u00bb animation_delay=\u00bb400&#8243; width=\u00bb1\/3&#8243; uncode_shortcode_id=\u00bb112794&#8243; border_color_type=\u00bbuncode-palette\u00bb css=\u00bb.vc_custom_1745437882412{border-top-width: 1px !important;border-right-width: 1px !important;border-bottom-width: 1px !important;border-left-width: 1px !important;}\u00bb][vc_column_text uncode_shortcode_id=\u00bb544758&#8243;]Puntualidad.[\/vc_column_text][\/vc_column_inner][vc_column_inner column_width_percent=\u00bb100&#8243; position_vertical=\u00bbmiddle\u00bb gutter_size=\u00bb0&#8243; override_padding=\u00bbyes\u00bb column_padding=\u00bb2&#8243; style=\u00bbdark\u00bb overlay_alpha=\u00bb50&#8243; radius=\u00bblg\u00bb preserve_border=\u00bbyes\u00bb preserve_border_tablet=\u00bbyes\u00bb preserve_border_mobile=\u00bbyes\u00bb border_color=\u00bbcolor-958904&#8243; border_style=\u00bbsolid\u00bb shift_x=\u00bb0&#8243; shift_y=\u00bb0&#8243; shift_y_down=\u00bb0&#8243; z_index=\u00bb0&#8243; medium_width=\u00bb0&#8243; align_mobile=\u00bbalign_center_mobile\u00bb mobile_width=\u00bb0&#8243; css_animation=\u00bbbottom-t-top\u00bb animation_delay=\u00bb800&#8243; width=\u00bb1\/3&#8243; uncode_shortcode_id=\u00bb200267&#8243; css=\u00bb.vc_custom_1745437889325{border-top-width: 1px !important;border-right-width: 1px !important;border-bottom-width: 1px !important;border-left-width: 1px !important;}\u00bb border_color_type=\u00bbuncode-palette\u00bb][vc_column_text uncode_shortcode_id=\u00bb122252&#8243;]Honradez.[\/vc_column_text][\/vc_column_inner][\/vc_row_inner][vc_row_inner row_inner_height_percent=\u00bb0&#8243; overlay_alpha=\u00bb50&#8243; equal_height=\u00bbyes\u00bb gutter_size=\u00bb2&#8243; shift_y=\u00bb0&#8243; z_index=\u00bb0&#8243; uncode_shortcode_id=\u00bb940523&#8243;][vc_column_inner column_width_percent=\u00bb100&#8243; position_vertical=\u00bbmiddle\u00bb gutter_size=\u00bb0&#8243; override_padding=\u00bbyes\u00bb column_padding=\u00bb2&#8243; style=\u00bbdark\u00bb overlay_alpha=\u00bb50&#8243; radius=\u00bblg\u00bb preserve_border=\u00bbyes\u00bb preserve_border_tablet=\u00bbyes\u00bb preserve_border_mobile=\u00bbyes\u00bb border_color=\u00bbcolor-958904&#8243; border_style=\u00bbsolid\u00bb shift_x=\u00bb0&#8243; shift_y=\u00bb0&#8243; shift_y_down=\u00bb0&#8243; z_index=\u00bb0&#8243; medium_width=\u00bb0&#8243; align_mobile=\u00bbalign_center_mobile\u00bb mobile_width=\u00bb0&#8243; css_animation=\u00bbbottom-t-top\u00bb width=\u00bb1\/3&#8243; uncode_shortcode_id=\u00bb122218&#8243; css=\u00bb.vc_custom_1745437896604{border-top-width: 1px !important;border-right-width: 1px !important;border-bottom-width: 1px !important;border-left-width: 1px !important;}\u00bb border_color_type=\u00bbuncode-palette\u00bb][vc_column_text uncode_shortcode_id=\u00bb996287&#8243;]Respeto.[\/vc_column_text][\/vc_column_inner][vc_column_inner column_width_percent=\u00bb100&#8243; position_vertical=\u00bbmiddle\u00bb gutter_size=\u00bb0&#8243; override_padding=\u00bbyes\u00bb column_padding=\u00bb2&#8243; style=\u00bbdark\u00bb overlay_alpha=\u00bb50&#8243; radius=\u00bblg\u00bb preserve_border=\u00bbyes\u00bb preserve_border_tablet=\u00bbyes\u00bb preserve_border_mobile=\u00bbyes\u00bb border_color=\u00bbcolor-958904&#8243; border_style=\u00bbsolid\u00bb shift_x=\u00bb0&#8243; shift_y=\u00bb0&#8243; shift_y_down=\u00bb0&#8243; z_index=\u00bb0&#8243; medium_width=\u00bb0&#8243; align_mobile=\u00bbalign_center_mobile\u00bb mobile_width=\u00bb0&#8243; css_animation=\u00bbbottom-t-top\u00bb animation_delay=\u00bb400&#8243; width=\u00bb1\/3&#8243; uncode_shortcode_id=\u00bb107397&#8243; border_color_type=\u00bbuncode-palette\u00bb css=\u00bb.vc_custom_1745437903399{border-top-width: 1px !important;border-right-width: 1px !important;border-bottom-width: 1px !important;border-left-width: 1px !important;}\u00bb][vc_column_text uncode_shortcode_id=\u00bb274482&#8243;]Confianza.[\/vc_column_text][\/vc_column_inner][vc_column_inner column_width_percent=\u00bb100&#8243; position_vertical=\u00bbmiddle\u00bb gutter_size=\u00bb0&#8243; override_padding=\u00bbyes\u00bb column_padding=\u00bb2&#8243; style=\u00bbdark\u00bb overlay_alpha=\u00bb50&#8243; radius=\u00bblg\u00bb preserve_border=\u00bbyes\u00bb preserve_border_tablet=\u00bbyes\u00bb preserve_border_mobile=\u00bbyes\u00bb border_color=\u00bbcolor-958904&#8243; border_style=\u00bbsolid\u00bb shift_x=\u00bb0&#8243; shift_y=\u00bb0&#8243; shift_y_down=\u00bb0&#8243; z_index=\u00bb0&#8243; medium_width=\u00bb0&#8243; align_mobile=\u00bbalign_center_mobile\u00bb mobile_width=\u00bb0&#8243; css_animation=\u00bbbottom-t-top\u00bb animation_delay=\u00bb800&#8243; width=\u00bb1\/3&#8243; uncode_shortcode_id=\u00bb193601&#8243; css=\u00bb.vc_custom_1745437910123{border-top-width: 1px !important;border-right-width: 1px !important;border-bottom-width: 1px !important;border-left-width: 1px !important;}\u00bb border_color_type=\u00bbuncode-palette\u00bb][vc_column_text uncode_shortcode_id=\u00bb108428&#8243;]Pasi\u00f3n.[\/vc_column_text][\/vc_column_inner][\/vc_row_inner][vc_row_inner row_inner_height_percent=\u00bb0&#8243; overlay_alpha=\u00bb50&#8243; equal_height=\u00bbyes\u00bb gutter_size=\u00bb2&#8243; shift_y=\u00bb0&#8243; z_index=\u00bb0&#8243; uncode_shortcode_id=\u00bb940523&#8243;][vc_column_inner column_width_percent=\u00bb100&#8243; position_vertical=\u00bbmiddle\u00bb gutter_size=\u00bb0&#8243; override_padding=\u00bbyes\u00bb column_padding=\u00bb2&#8243; style=\u00bbdark\u00bb overlay_alpha=\u00bb50&#8243; radius=\u00bblg\u00bb preserve_border=\u00bbyes\u00bb preserve_border_tablet=\u00bbyes\u00bb preserve_border_mobile=\u00bbyes\u00bb border_color=\u00bbcolor-958904&#8243; border_style=\u00bbsolid\u00bb shift_x=\u00bb0&#8243; shift_y=\u00bb0&#8243; shift_y_down=\u00bb0&#8243; z_index=\u00bb0&#8243; medium_width=\u00bb0&#8243; align_mobile=\u00bbalign_center_mobile\u00bb mobile_width=\u00bb0&#8243; css_animation=\u00bbbottom-t-top\u00bb width=\u00bb1\/3&#8243; uncode_shortcode_id=\u00bb167554&#8243; css=\u00bb.vc_custom_1745437923313{border-top-width: 1px !important;border-right-width: 1px !important;border-bottom-width: 1px !important;border-left-width: 1px !important;}\u00bb border_color_type=\u00bbuncode-palette\u00bb][vc_column_text uncode_shortcode_id=\u00bb197784&#8243;]Compromiso.[\/vc_column_text][\/vc_column_inner][vc_column_inner column_width_percent=\u00bb100&#8243; position_vertical=\u00bbmiddle\u00bb gutter_size=\u00bb0&#8243; override_padding=\u00bbyes\u00bb column_padding=\u00bb2&#8243; style=\u00bbdark\u00bb overlay_alpha=\u00bb50&#8243; radius=\u00bblg\u00bb preserve_border=\u00bbyes\u00bb preserve_border_tablet=\u00bbyes\u00bb preserve_border_mobile=\u00bbyes\u00bb border_color=\u00bbcolor-958904&#8243; border_style=\u00bbsolid\u00bb shift_x=\u00bb0&#8243; shift_y=\u00bb0&#8243; shift_y_down=\u00bb0&#8243; z_index=\u00bb0&#8243; medium_width=\u00bb0&#8243; align_mobile=\u00bbalign_center_mobile\u00bb mobile_width=\u00bb0&#8243; css_animation=\u00bbbottom-t-top\u00bb animation_delay=\u00bb400&#8243; width=\u00bb1\/3&#8243; uncode_shortcode_id=\u00bb226660&#8243; border_color_type=\u00bbuncode-palette\u00bb css=\u00bb.vc_custom_1745437931255{border-top-width: 1px !important;border-right-width: 1px !important;border-bottom-width: 1px !important;border-left-width: 1px !important;}\u00bb][vc_column_text uncode_shortcode_id=\u00bb200858&#8243;]Responsabilidad.[\/vc_column_text][\/vc_column_inner][vc_column_inner column_width_percent=\u00bb100&#8243; position_vertical=\u00bbmiddle\u00bb gutter_size=\u00bb0&#8243; override_padding=\u00bbyes\u00bb column_padding=\u00bb2&#8243; style=\u00bbdark\u00bb overlay_alpha=\u00bb50&#8243; radius=\u00bblg\u00bb shift_x=\u00bb0&#8243; shift_y=\u00bb0&#8243; shift_y_down=\u00bb0&#8243; z_index=\u00bb0&#8243; medium_visibility=\u00bbyes\u00bb medium_width=\u00bb0&#8243; mobile_visibility=\u00bbyes\u00bb align_mobile=\u00bbalign_center_mobile\u00bb mobile_width=\u00bb0&#8243; css_animation=\u00bbbottom-t-top\u00bb animation_delay=\u00bb800&#8243; width=\u00bb1\/3&#8243; uncode_shortcode_id=\u00bb185581&#8243;][\/vc_column_inner][\/vc_row_inner][\/vc_column][\/vc_row]<\/p>\n<\/div>","protected":false},"excerpt":{"rendered":"<p>[vc_row row_height_percent=\u00bb75&#8243; override_padding=\u00bbyes\u00bb h_padding=\u00bb0&#8243; top_padding=\u00bb0&#8243; bottom_padding=\u00bb0&#8243; back_color=\u00bbcolor-jevc\u00bb back_image=\u00bb779&#8243; multiple_media=\u00bbyes\u00bb medias=\u00bb780,781&#8243; back_repeat=\u00bbno-repeat\u00bb back_position=\u00bbcenter top\u00bb parallax=\u00bbyes\u00bb kburns=\u00bbyes\u00bb bg_transition_time=\u00bb5000&#8243; bg_carousel_time=\u00bb10000&#8243; bg_transition_threshold=\u00bb0&#8243; overlay_alpha=\u00bb100&#8243; gutter_size=\u00bb0&#8243; [&hellip;]<\/p>\n","protected":false},"author":2,"featured_media":0,"parent":0,"menu_order":0,"comment_status":"closed","ping_status":"closed","template":"","meta":{"footnotes":""},"class_list":["post-778","page","type-page","status-publish","hentry"],"_links":{"self":[{"href":"https:\/\/premiere.proximamente.mx\/index.php?rest_route=\/wp\/v2\/pages\/778","targetHints":{"allow":["GET"]}}],"collection":[{"href":"https:\/\/premiere.proximamente.mx\/index.php?rest_route=\/wp\/v2\/pages"}],"about":[{"href":"https:\/\/premiere.proximamente.mx\/index.php?rest_route=\/wp\/v2\/types\/page"}],"author":[{"embeddable":true,"href":"https:\/\/premiere.proximamente.mx\/index.php?rest_route=\/wp\/v2\/users\/2"}],"replies":[{"embeddable":true,"href":"https:\/\/premiere.proximamente.mx\/index.php?rest_route=%2Fwp%2Fv2%2Fcomments&post=778"}],"version-history":[{"count":68,"href":"https:\/\/premiere.proximamente.mx\/index.php?rest_route=\/wp\/v2\/pages\/778\/revisions"}],"predecessor-version":[{"id":856,"href":"https:\/\/premiere.proximamente.mx\/index.php?rest_route=\/wp\/v2\/pages\/778\/revisions\/856"}],"wp:attachment":[{"href":"https:\/\/premiere.proximamente.mx\/index.php?rest_route=%2Fwp%2Fv2%2Fmedia&parent=778"}],"curies":[{"name":"wp","href":"https:\/\/api.w.org\/{rel}","templated":true}]}}