{"id":541,"date":"2025-04-21T20:38:20","date_gmt":"2025-04-21T20:38:20","guid":{"rendered":"https:\/\/premiere.proximamente.mx\/?page_id=541"},"modified":"2025-04-23T00:33:18","modified_gmt":"2025-04-23T00:33:18","slug":"golf","status":"publish","type":"page","link":"https:\/\/premiere.proximamente.mx\/?page_id=541","title":{"rendered":"Golf"},"content":{"rendered":"<div class=\"wpb-content-wrapper\"><p>[vc_row unlock_row_content=\u00bbyes\u00bb row_height_percent=\u00bb100&#8243; override_padding=\u00bbyes\u00bb h_padding=\u00bb4&#8243; top_padding=\u00bb4&#8243; bottom_padding=\u00bb4&#8243; back_color=\u00bbcolor-jevc\u00bb back_image=\u00bb702&#8243; back_repeat=\u00bbno-repeat\u00bb back_position=\u00bbcenter center\u00bb overlay_alpha=\u00bb100&#8243; overlay_color_blend=\u00bbmultiply\u00bb gutter_size=\u00bb0&#8243; column_width_percent=\u00bb100&#8243; shift_y=\u00bb0&#8243; z_index=\u00bb0&#8243; content_parallax=\u00bb0&#8243; uncode_shortcode_id=\u00bb193399&#8243; back_color_type=\u00bbuncode-palette\u00bb back_size=\u00bbcover\u00bb overlay_color_type=\u00bbuncode-gradient\u00bb overlay_color_gradient=\u00bb{\u00abcss\u00ab:\u00abbackground: radial-gradient(ellipse at left center , rgba(0, 0, 0, 0) , rgba(0, 0, 0, 0.7) 71%);\u00ab,\u00absliders\u00ab:`{`{\u00abcolor\u00ab:\u00abrgba(0, 0, 0, 0)\u00ab,\u00abposition\u00ab:0},{\u00abcolor\u00ab:\u00abrgba(0, 0, 0, 0.7)\u00ab,\u00abposition\u00ab:71}`}`,\u00abtype\u00ab:\u00abellipse\u00ab,\u00abdirection\u00ab:\u00ableft center\u00ab}\u00bb][vc_column column_width_percent=\u00bb100&#8243; position_vertical=\u00bbmiddle\u00bb align_horizontal=\u00bbalign_right\u00bb gutter_size=\u00bb2&#8243; override_padding=\u00bbyes\u00bb column_padding=\u00bb0&#8243; style=\u00bbdark\u00bb overlay_alpha=\u00bb50&#8243; shift_x=\u00bb0&#8243; shift_y=\u00bb0&#8243; shift_y_down=\u00bb0&#8243; z_index=\u00bb0&#8243; medium_width=\u00bb0&#8243; align_mobile=\u00bbalign_center_mobile\u00bb mobile_width=\u00bb0&#8243; width=\u00bb6\/12&#8243; uncode_shortcode_id=\u00bb887008&#8243;][vc_custom_heading auto_text=\u00bbyes\u00bb heading_semantic=\u00bbh1&#8243; text_size=\u00bbbigtext\u00bb text_weight=\u00bb900&#8243; text_transform=\u00bbuppercase\u00bb text_height=\u00bbfontheight-154295&#8243; separator_color=\u00bbyes\u00bb separator=\u00bbyes\u00bb uncode_shortcode_id=\u00bb117995&#8243;][\/vc_custom_heading][vc_column_text auto_text=\u00bbexcerpt\u00bb uncode_shortcode_id=\u00bb650393&#8243;][\/vc_column_text][\/vc_column][vc_column column_width_percent=\u00bb100&#8243; position_horizontal=\u00bbright\u00bb position_vertical=\u00bbmiddle\u00bb gutter_size=\u00bb0&#8243; override_padding=\u00bbyes\u00bb column_padding=\u00bb0&#8243; style=\u00bbdark\u00bb overlay_alpha=\u00bb50&#8243; shift_x=\u00bb2&#8243; shift_y=\u00bb0&#8243; shift_y_down=\u00bb0&#8243; z_index=\u00bb2&#8243; medium_width=\u00bb0&#8243; align_mobile=\u00bbalign_center_mobile\u00bb mobile_width=\u00bb0&#8243; css_animation=\u00bbtop-t-bottom\u00bb animation_delay=\u00bb400&#8243; parallax_intensity=\u00bb3&#8243; width=\u00bb2\/12&#8243; uncode_shortcode_id=\u00bb176424&#8243; mobile_height=\u00bb60&#8243;][vc_single_image media=\u00bb704&#8243; media_width_percent=\u00bb100&#8243; alignment=\u00bbcenter\u00bb mobile_visibility=\u00bbyes\u00bb uncode_shortcode_id=\u00bb426091&#8243;][\/vc_column][vc_column column_width_percent=\u00bb100&#8243; position_vertical=\u00bbmiddle\u00bb gutter_size=\u00bb3&#8243; override_padding=\u00bbyes\u00bb column_padding=\u00bb3&#8243; style=\u00bbdark\u00bb overlay_alpha=\u00bb50&#8243; radius=\u00bbxl\u00bb preserve_border=\u00bbyes\u00bb preserve_border_tablet=\u00bbyes\u00bb preserve_border_mobile=\u00bbyes\u00bb border_color=\u00bbcolor-xsdn\u00bb border_style=\u00bbsolid\u00bb shift_x=\u00bb0&#8243; shift_y=\u00bb0&#8243; shift_y_down=\u00bb0&#8243; z_index=\u00bb0&#8243; medium_width=\u00bb0&#8243; align_mobile=\u00bbalign_center_mobile\u00bb mobile_width=\u00bb0&#8243; css_animation=\u00bbalpha-anim\u00bb width=\u00bb4\/12&#8243; uncode_shortcode_id=\u00bb605227&#8243; css=\u00bb.vc_custom_1745260187717{border-top-width: 2px !important;border-right-width: 2px !important;border-bottom-width: 2px !important;border-left-width: 2px !important;}\u00bb border_color_type=\u00bbuncode-palette\u00bb][vc_single_image media=\u00bb704&#8243; media_width_percent=\u00bb50&#8243; alignment=\u00bbcenter\u00bb css_animation=\u00bbtop-t-bottom\u00bb animation_delay=\u00bb400&#8243; desktop_visibility=\u00bbyes\u00bb medium_visibility=\u00bbyes\u00bb uncode_shortcode_id=\u00bb292207&#8243;][vc_icon position=\u00bbleft\u00bb icon=\u00bbfa fa-flag4&#8243; icon_color=\u00bbcolor-958904&#8243; size=\u00bbfa-3x\u00bb heading_semantic=\u00bbp\u00bb text_size=\u00bb\u00bb uncode_shortcode_id=\u00bb183443&#8243; icon_color_type=\u00bbuncode-palette\u00bb][\/vc_icon][vc_column_text uncode_shortcode_id=\u00bb820533&#8243;]<\/p>\n<p style=\"text-align: justify;\">Experimenta el aire libre y brisa de mar en un recorrido por los 18 hoyos del juego en un ambiente \u00fanico, complementando con actividades en enoturismo, gastronom\u00eda, naturaleza, spas, entre otros, en un marco de compa\u00f1erismo y amistad.<\/p>\n<p>[\/vc_column_text][\/vc_column][\/vc_row][vc_row unlock_row_content=\u00bbyes\u00bb row_height_percent=\u00bb0&#8243; override_padding=\u00bbyes\u00bb h_padding=\u00bb4&#8243; top_padding=\u00bb0&#8243; bottom_padding=\u00bb3&#8243; back_color=\u00bbcolor-jevc\u00bb overlay_alpha=\u00bb50&#8243; gutter_size=\u00bb4&#8243; column_width_percent=\u00bb100&#8243; shift_y=\u00bb0&#8243; z_index=\u00bb0&#8243; content_parallax=\u00bb0&#8243; uncode_shortcode_id=\u00bb159085&#8243; back_color_type=\u00bbuncode-palette\u00bb][vc_column column_width_percent=\u00bb100&#8243; gutter_size=\u00bb0&#8243; override_padding=\u00bbyes\u00bb column_padding=\u00bb0&#8243; style=\u00bbdark\u00bb overlay_alpha=\u00bb50&#8243; shift_x=\u00bb0&#8243; shift_y=\u00bb-5&#8243; shift_y_down=\u00bb0&#8243; z_index=\u00bb2&#8243; medium_width=\u00bb0&#8243; align_mobile=\u00bbalign_center_mobile\u00bb mobile_width=\u00bb0&#8243; width=\u00bb1\/1&#8243; uncode_shortcode_id=\u00bb434198&#8243;][vc_gallery el_id=\u00bbgallery-572959&#8243; type=\u00bbcarousel\u00bb random=\u00bbyes\u00bb medias=\u00bb708,709,710,711,712,713&#8243; carousel_lg=\u00bb5&#8243; carousel_md=\u00bb3&#8243; carousel_sm=\u00bb1&#8243; thumb_size=\u00bbthree-four\u00bb gutter_size=\u00bb2&#8243; media_items=\u00bbmedia|lightbox|original\u00bb carousel_interval=\u00bb5000&#8243; carousel_navspeed=\u00bb400&#8243; carousel_loop=\u00bbyes\u00bb carousel_dots=\u00bbyes\u00bb carousel_dots_mobile=\u00bbyes\u00bb stage_padding=\u00bb0&#8243; single_style=\u00bbdark\u00bb single_shape=\u00bbround\u00bb radius=\u00bbxl\u00bb single_overlay_opacity=\u00bb1&#8243; single_overlay_visible=\u00bbyes\u00bb single_overlay_anim=\u00bbno\u00bb single_text_visible=\u00bbyes\u00bb single_text_anim=\u00bbno\u00bb single_padding=\u00bb2&#8243; single_shadow=\u00bbyes\u00bb shadow_weight=\u00bbstd\u00bb shadow_darker=\u00bbyes\u00bb single_border=\u00bbyes\u00bb single_css_animation=\u00bbalpha-anim\u00bb single_animation_delay=\u00bb200&#8243; uncode_shortcode_id=\u00bb210427&#8243;][\/vc_column][\/vc_row][vc_row row_height_percent=\u00bb0&#8243; override_padding=\u00bbyes\u00bb h_padding=\u00bb2&#8243; top_padding=\u00bb2&#8243; bottom_padding=\u00bb0&#8243; back_color=\u00bbcolor-jevc\u00bb overlay_alpha=\u00bb50&#8243; equal_height=\u00bbyes\u00bb gutter_size=\u00bb2&#8243; column_width_percent=\u00bb100&#8243; shift_y=\u00bb0&#8243; z_index=\u00bb0&#8243; content_parallax=\u00bb0&#8243; uncode_shortcode_id=\u00bb102342&#8243; back_color_type=\u00bbuncode-palette\u00bb][vc_column column_width_percent=\u00bb100&#8243; position_vertical=\u00bbmiddle\u00bb align_horizontal=\u00bbalign_center\u00bb gutter_size=\u00bb0&#8243; override_padding=\u00bbyes\u00bb column_padding=\u00bb0&#8243; style=\u00bbdark\u00bb overlay_alpha=\u00bb50&#8243; shift_x=\u00bb0&#8243; shift_y=\u00bb0&#8243; shift_y_down=\u00bb0&#8243; z_index=\u00bb0&#8243; medium_width=\u00bb0&#8243; align_mobile=\u00bbalign_center_mobile\u00bb mobile_width=\u00bb0&#8243; width=\u00bb1\/3&#8243; uncode_shortcode_id=\u00bb172280&#8243;][vc_separator sep_color=\u00bbcolor-xsdn\u00bb uncode_shortcode_id=\u00bb166648&#8243; sep_color_type=\u00bbuncode-palette\u00bb el_width=\u00bb100%\u00bb el_height=\u00bb2px\u00bb][\/vc_column][vc_column column_width_percent=\u00bb100&#8243; align_horizontal=\u00bbalign_center\u00bb gutter_size=\u00bb0&#8243; override_padding=\u00bbyes\u00bb column_padding=\u00bb0&#8243; style=\u00bbdark\u00bb overlay_alpha=\u00bb50&#8243; shift_x=\u00bb0&#8243; shift_y=\u00bb0&#8243; shift_y_down=\u00bb0&#8243; z_index=\u00bb0&#8243; medium_width=\u00bb0&#8243; align_mobile=\u00bbalign_center_mobile\u00bb mobile_width=\u00bb0&#8243; width=\u00bb1\/3&#8243; uncode_shortcode_id=\u00bb111183&#8243;][vc_custom_heading heading_semantic=\u00bbp\u00bb text_size=\u00bb\u00bb text_transform=\u00bbuppercase\u00bb text_space=\u00bbfontspace-201472&#8243; uncode_shortcode_id=\u00bb195043&#8243;]Pensados para ti[\/vc_custom_heading][\/vc_column][vc_column column_width_percent=\u00bb100&#8243; position_vertical=\u00bbmiddle\u00bb align_horizontal=\u00bbalign_center\u00bb gutter_size=\u00bb0&#8243; override_padding=\u00bbyes\u00bb column_padding=\u00bb0&#8243; style=\u00bbdark\u00bb overlay_alpha=\u00bb50&#8243; shift_x=\u00bb0&#8243; shift_y=\u00bb0&#8243; shift_y_down=\u00bb0&#8243; z_index=\u00bb0&#8243; medium_width=\u00bb0&#8243; mobile_visibility=\u00bbyes\u00bb mobile_width=\u00bb0&#8243; width=\u00bb1\/3&#8243; uncode_shortcode_id=\u00bb170655&#8243;][vc_separator sep_color=\u00bbcolor-xsdn\u00bb uncode_shortcode_id=\u00bb166648&#8243; sep_color_type=\u00bbuncode-palette\u00bb el_width=\u00bb100%\u00bb el_height=\u00bb2px\u00bb][\/vc_column][\/vc_row][vc_row unlock_row_content=\u00bbyes\u00bb row_height_percent=\u00bb0&#8243; override_padding=\u00bbyes\u00bb h_padding=\u00bb0&#8243; top_padding=\u00bb2&#8243; bottom_padding=\u00bb0&#8243; back_color=\u00bbcolor-jevc\u00bb overlay_alpha=\u00bb50&#8243; gutter_size=\u00bb0&#8243; column_width_percent=\u00bb100&#8243; shift_y=\u00bb0&#8243; z_index=\u00bb0&#8243; content_parallax=\u00bb0&#8243; uncode_shortcode_id=\u00bb101004&#8243; back_color_type=\u00bbuncode-palette\u00bb][vc_column column_width_percent=\u00bb100&#8243; align_horizontal=\u00bbalign_center\u00bb gutter_size=\u00bb0&#8243; override_padding=\u00bbyes\u00bb column_padding=\u00bb0&#8243; style=\u00bbdark\u00bb overlay_alpha=\u00bb50&#8243; shift_x=\u00bb0&#8243; shift_y=\u00bb0&#8243; shift_y_down=\u00bb0&#8243; z_index=\u00bb0&#8243; medium_width=\u00bb0&#8243; align_mobile=\u00bbalign_center_mobile\u00bb mobile_width=\u00bb0&#8243; width=\u00bb1\/1&#8243; uncode_shortcode_id=\u00bb712599&#8243;][uncode_index el_id=\u00bbindex-159319&#8243; index_type=\u00bbcarousel\u00bb loop=\u00bbsize:All|order_by:date|order:ASC|post_type:page|tax_query:22|taxonomy_count:10&#8243; carousel_lg=\u00bb3&#8243; carousel_md=\u00bb3&#8243; carousel_sm=\u00bb1&#8243; thumb_size=\u00bbthree-four\u00bb gutter_size=\u00bb3&#8243; post_items=\u00bbmedia|featured|onpost|original,category|bordered|relative|hide-icon,title,text|excerpt,link|default|small_size|not_scale_mobile|default_width|default_outline|COTIZAR\u00bb page_items=\u00bbmedia|featured|onpost|original,category|bordered|relative|hide-icon,title,text|excerpt|85,link|default|small_size|not_scale_mobile|default_width|default_outline|COTIZAR\u00bb carousel_interval=\u00bb5000&#8243; carousel_navspeed=\u00bb1000&#8243; carousel_loop=\u00bbyes\u00bb carousel_overflow=\u00bbyes\u00bb carousel_dots=\u00bbyes\u00bb carousel_dot_width=\u00bblimit\u00bb stage_padding=\u00bb20&#8243; single_text=\u00bboverlay\u00bb single_back_color=\u00bbcolor-958904&#8243; single_shape=\u00bbround\u00bb radius=\u00bbxl\u00bb single_overlay_color=\u00bbcolor-958904&#8243; single_overlay_opacity=\u00bb85&#8243; single_overlay_visible=\u00bbyes\u00bb single_text_visible=\u00bbyes\u00bb single_text_anim=\u00bbno\u00bb single_image_coloration=\u00bbdesaturated\u00bb single_image_color_anim=\u00bbyes\u00bb single_h_align_mobile=\u00bbcenter\u00bb single_v_position=\u00bbbottom\u00bb single_padding=\u00bb2&#8243; single_title_semantic=\u00bbh6&#8243; single_title_weight=\u00bb900&#8243; single_title_scale_mobile=\u00bbno\u00bb single_border=\u00bbyes\u00bb single_css_animation=\u00bbbottom-t-top\u00bb single_animation_delay=\u00bb200&#8243; uncode_shortcode_id=\u00bb125022&#8243;][\/vc_column][\/vc_row][vc_row row_height_percent=\u00bb0&#8243; override_padding=\u00bbyes\u00bb h_padding=\u00bb2&#8243; top_padding=\u00bb2&#8243; bottom_padding=\u00bb0&#8243; back_color=\u00bbcolor-jevc\u00bb overlay_alpha=\u00bb50&#8243; gutter_size=\u00bb3&#8243; column_width_percent=\u00bb100&#8243; shift_y=\u00bb0&#8243; z_index=\u00bb0&#8243; content_parallax=\u00bb0&#8243; uncode_shortcode_id=\u00bb154167&#8243; back_color_type=\u00bbuncode-palette\u00bb][vc_column column_width_percent=\u00bb100&#8243; position_vertical=\u00bbmiddle\u00bb align_horizontal=\u00bbalign_center\u00bb gutter_size=\u00bb0&#8243; override_padding=\u00bbyes\u00bb column_padding=\u00bb0&#8243; style=\u00bbdark\u00bb overlay_alpha=\u00bb50&#8243; shift_x=\u00bb0&#8243; shift_y=\u00bb0&#8243; shift_y_down=\u00bb0&#8243; z_index=\u00bb0&#8243; medium_width=\u00bb0&#8243; align_mobile=\u00bbalign_left_mobile\u00bb mobile_width=\u00bb0&#8243; width=\u00bb3\/12&#8243; uncode_shortcode_id=\u00bb173060&#8243;][vc_icon position=\u00bbleft\u00bb space_reduced=\u00bbyes\u00bb icon=\u00bbfa fa-puzzle-piece\u00bb icon_color=\u00bbcolor-958904&#8243; size=\u00bbfa-2x\u00bb heading_semantic=\u00bbh6&#8243; text_size=\u00bb\u00bb text_weight=\u00bb900&#8243; uncode_shortcode_id=\u00bb196707&#8243; icon_color_type=\u00bbuncode-palette\u00bb title=\u00bbARMA TU PLAN\u00bb][\/vc_icon][\/vc_column][vc_column column_width_percent=\u00bb100&#8243; gutter_size=\u00bb0&#8243; override_padding=\u00bbyes\u00bb column_padding=\u00bb0&#8243; style=\u00bbdark\u00bb overlay_alpha=\u00bb50&#8243; shift_x=\u00bb0&#8243; shift_y=\u00bb0&#8243; shift_y_down=\u00bb0&#8243; z_index=\u00bb0&#8243; medium_width=\u00bb0&#8243; align_mobile=\u00bbalign_left_mobile\u00bb mobile_width=\u00bb0&#8243; width=\u00bb5\/12&#8243; uncode_shortcode_id=\u00bb119614&#8243;][vc_column_text uncode_shortcode_id=\u00bb936971&#8243;]Fusce interdum sapien ac erat condimentum accumsan. Cras eu neque non massa vehicula tempus at eget est.[\/vc_column_text][\/vc_column][vc_column column_width_percent=\u00bb100&#8243; position_vertical=\u00bbmiddle\u00bb align_horizontal=\u00bbalign_center\u00bb gutter_size=\u00bb0&#8243; override_padding=\u00bbyes\u00bb column_padding=\u00bb0&#8243; style=\u00bbdark\u00bb overlay_alpha=\u00bb50&#8243; shift_x=\u00bb0&#8243; shift_y=\u00bb0&#8243; shift_y_down=\u00bb0&#8243; z_index=\u00bb0&#8243; medium_width=\u00bb0&#8243; align_mobile=\u00bbalign_center_mobile\u00bb mobile_width=\u00bb0&#8243; width=\u00bb4\/12&#8243; uncode_shortcode_id=\u00bb865765&#8243;][vc_button wide=\u00bbyes\u00bb outline=\u00bbyes\u00bb border_width=\u00bb0&#8243; uncode_shortcode_id=\u00bb127228&#8243;]CONFIGURA Y COTIZA[\/vc_button][\/vc_column][\/vc_row][vc_row][vc_column width=\u00bb1\/1&#8243;][uncode_block id=\u00bb715&#8243;][\/vc_column][\/vc_row]<\/p>\n<\/div>","protected":false},"excerpt":{"rendered":"<p>Disfruta de los entornos espectaculares de los campos de golf que ofrece Baja California rodeado de paisajes urbanos, oc\u00e9anos y monta\u00f1as, realizando el deporte de mayor precisi\u00f3n del mundo.<\/p>\n","protected":false},"author":2,"featured_media":568,"parent":0,"menu_order":0,"comment_status":"closed","ping_status":"closed","template":"","meta":{"footnotes":""},"class_list":["post-541","page","type-page","status-publish","has-post-thumbnail","hentry"],"_links":{"self":[{"href":"https:\/\/premiere.proximamente.mx\/index.php?rest_route=\/wp\/v2\/pages\/541","targetHints":{"allow":["GET"]}}],"collection":[{"href":"https:\/\/premiere.proximamente.mx\/index.php?rest_route=\/wp\/v2\/pages"}],"about":[{"href":"https:\/\/premiere.proximamente.mx\/index.php?rest_route=\/wp\/v2\/types\/page"}],"author":[{"embeddable":true,"href":"https:\/\/premiere.proximamente.mx\/index.php?rest_route=\/wp\/v2\/users\/2"}],"replies":[{"embeddable":true,"href":"https:\/\/premiere.proximamente.mx\/index.php?rest_route=%2Fwp%2Fv2%2Fcomments&post=541"}],"version-history":[{"count":7,"href":"https:\/\/premiere.proximamente.mx\/index.php?rest_route=\/wp\/v2\/pages\/541\/revisions"}],"predecessor-version":[{"id":717,"href":"https:\/\/premiere.proximamente.mx\/index.php?rest_route=\/wp\/v2\/pages\/541\/revisions\/717"}],"wp:featuredmedia":[{"embeddable":true,"href":"https:\/\/premiere.proximamente.mx\/index.php?rest_route=\/wp\/v2\/media\/568"}],"wp:attachment":[{"href":"https:\/\/premiere.proximamente.mx\/index.php?rest_route=%2Fwp%2Fv2%2Fmedia&parent=541"}],"curies":[{"name":"wp","href":"https:\/\/api.w.org\/{rel}","templated":true}]}}